{"id":1563,"date":"2025-12-20T13:22:51","date_gmt":"2025-12-20T12:22:51","guid":{"rendered":"https:\/\/queer.bet\/?page_id=1563"},"modified":"2025-12-31T11:07:33","modified_gmt":"2025-12-31T10:07:33","slug":"impressum","status":"publish","type":"page","link":"https:\/\/queer.bet\/?page_id=1563","title":{"rendered":"Impressum"},"content":{"rendered":"\t\t<div data-elementor-type=\"wp-page\" data-elementor-id=\"1563\" class=\"elementor elementor-1563\">\n\t\t\t\t<div class=\"elementor-element elementor-element-e870177 e-flex e-con-boxed e-con e-parent\" data-id=\"e870177\" data-element_type=\"container\" data-e-type=\"container\">\n\t\t\t\t\t<div class=\"e-con-inner\">\n\t\t<div class=\"elementor-element elementor-element-6246a6d e-con-full e-flex e-con e-child\" data-id=\"6246a6d\" data-element_type=\"container\" data-e-type=\"container\">\n\t\t\t\t<div class=\"elementor-element elementor-element-acb61b0 elementor-widget elementor-widget-image\" data-id=\"acb61b0\" data-element_type=\"widget\" data-e-type=\"widget\" data-widget_type=\"image.default\">\n\t\t\t\t\t\t\t\t\t\t\t\t\t\t\t<img fetchpriority=\"high\" decoding=\"async\" width=\"250\" height=\"250\" src=\"https:\/\/queer.bet\/wp-content\/uploads\/2025\/12\/HERO.png\" class=\"attachment-medium size-medium wp-image-12\" alt=\"\" srcset=\"https:\/\/queer.bet\/wp-content\/uploads\/2025\/12\/HERO.png 250w, https:\/\/queer.bet\/wp-content\/uploads\/2025\/12\/HERO-150x150.png 150w, https:\/\/queer.bet\/wp-content\/uploads\/2025\/12\/HERO-96x96.png 96w\" sizes=\"(max-width: 250px) 100vw, 250px\" \/>\t\t\t\t\t\t\t\t\t\t\t\t\t\t\t<\/div>\n\t\t\t\t<\/div>\n\t\t<div class=\"elementor-element elementor-element-41c74fa e-con-full e-flex e-con e-child\" data-id=\"41c74fa\" data-element_type=\"container\" data-e-type=\"container\">\n\t\t\t\t<div class=\"elementor-element elementor-element-4876b9b elementor-shape-circle elementor-grid-0 e-grid-align-center elementor-widget elementor-widget-social-icons\" data-id=\"4876b9b\" data-element_type=\"widget\" data-e-type=\"widget\" data-widget_type=\"social-icons.default\">\n\t\t\t\t\t\t\t<div class=\"elementor-social-icons-wrapper elementor-grid\" role=\"list\">\n\t\t\t\t\t\t\t<span class=\"elementor-grid-item\" role=\"listitem\">\n\t\t\t\t\t<a class=\"elementor-icon elementor-social-icon elementor-social-icon-discord elementor-repeater-item-4c38507\" href=\"https:\/\/discord.gg\/zXJZR2gUeZ\" target=\"_blank\">\n\t\t\t\t\t\t<span class=\"elementor-screen-only\">Discord<\/span>\n\t\t\t\t\t\t<svg aria-hidden=\"true\" class=\"e-font-icon-svg e-fab-discord\" viewBox=\"0 0 448 512\" xmlns=\"http:\/\/www.w3.org\/2000\/svg\"><path d=\"M297.216 243.2c0 15.616-11.52 28.416-26.112 28.416-14.336 0-26.112-12.8-26.112-28.416s11.52-28.416 26.112-28.416c14.592 0 26.112 12.8 26.112 28.416zm-119.552-28.416c-14.592 0-26.112 12.8-26.112 28.416s11.776 28.416 26.112 28.416c14.592 0 26.112-12.8 26.112-28.416.256-15.616-11.52-28.416-26.112-28.416zM448 52.736V512c-64.494-56.994-43.868-38.128-118.784-107.776l13.568 47.36H52.48C23.552 451.584 0 428.032 0 398.848V52.736C0 23.552 23.552 0 52.48 0h343.04C424.448 0 448 23.552 448 52.736zm-72.96 242.688c0-82.432-36.864-149.248-36.864-149.248-36.864-27.648-71.936-26.88-71.936-26.88l-3.584 4.096c43.52 13.312 63.744 32.512 63.744 32.512-60.811-33.329-132.244-33.335-191.232-7.424-9.472 4.352-15.104 7.424-15.104 7.424s21.248-20.224 67.328-33.536l-2.56-3.072s-35.072-.768-71.936 26.88c0 0-36.864 66.816-36.864 149.248 0 0 21.504 37.12 78.08 38.912 0 0 9.472-11.52 17.152-21.248-32.512-9.728-44.8-30.208-44.8-30.208 3.766 2.636 9.976 6.053 10.496 6.4 43.21 24.198 104.588 32.126 159.744 8.96 8.96-3.328 18.944-8.192 29.44-15.104 0 0-12.8 20.992-46.336 30.464 7.68 9.728 16.896 20.736 16.896 20.736 56.576-1.792 78.336-38.912 78.336-38.912z\"><\/path><\/svg>\t\t\t\t\t<\/a>\n\t\t\t\t<\/span>\n\t\t\t\t\t\t\t<span class=\"elementor-grid-item\" role=\"listitem\">\n\t\t\t\t\t<a class=\"elementor-icon elementor-social-icon elementor-social-icon-instagram elementor-repeater-item-3b510df\" href=\"https:\/\/www.instagram.com\/queer.bet\/\" target=\"_blank\">\n\t\t\t\t\t\t<span class=\"elementor-screen-only\">Instagram<\/span>\n\t\t\t\t\t\t<svg aria-hidden=\"true\" class=\"e-font-icon-svg e-fab-instagram\" viewBox=\"0 0 448 512\" xmlns=\"http:\/\/www.w3.org\/2000\/svg\"><path d=\"M224.1 141c-63.6 0-114.9 51.3-114.9 114.9s51.3 114.9 114.9 114.9S339 319.5 339 255.9 287.7 141 224.1 141zm0 189.6c-41.1 0-74.7-33.5-74.7-74.7s33.5-74.7 74.7-74.7 74.7 33.5 74.7 74.7-33.6 74.7-74.7 74.7zm146.4-194.3c0 14.9-12 26.8-26.8 26.8-14.9 0-26.8-12-26.8-26.8s12-26.8 26.8-26.8 26.8 12 26.8 26.8zm76.1 27.2c-1.7-35.9-9.9-67.7-36.2-93.9-26.2-26.2-58-34.4-93.9-36.2-37-2.1-147.9-2.1-184.9 0-35.8 1.7-67.6 9.9-93.9 36.1s-34.4 58-36.2 93.9c-2.1 37-2.1 147.9 0 184.9 1.7 35.9 9.9 67.7 36.2 93.9s58 34.4 93.9 36.2c37 2.1 147.9 2.1 184.9 0 35.9-1.7 67.7-9.9 93.9-36.2 26.2-26.2 34.4-58 36.2-93.9 2.1-37 2.1-147.8 0-184.8zM398.8 388c-7.8 19.6-22.9 34.7-42.6 42.6-29.5 11.7-99.5 9-132.1 9s-102.7 2.6-132.1-9c-19.6-7.8-34.7-22.9-42.6-42.6-11.7-29.5-9-99.5-9-132.1s-2.6-102.7 9-132.1c7.8-19.6 22.9-34.7 42.6-42.6 29.5-11.7 99.5-9 132.1-9s102.7-2.6 132.1 9c19.6 7.8 34.7 22.9 42.6 42.6 11.7 29.5 9 99.5 9 132.1s2.7 102.7-9 132.1z\"><\/path><\/svg>\t\t\t\t\t<\/a>\n\t\t\t\t<\/span>\n\t\t\t\t\t\t\t<span class=\"elementor-grid-item\" role=\"listitem\">\n\t\t\t\t\t<a class=\"elementor-icon elementor-social-icon elementor-social-icon-telegram elementor-repeater-item-ce7f51c\" href=\"https:\/\/t.me\/+jHMX7mtK8uwzNjli\" target=\"_blank\">\n\t\t\t\t\t\t<span class=\"elementor-screen-only\">Telegram<\/span>\n\t\t\t\t\t\t<svg aria-hidden=\"true\" class=\"e-font-icon-svg e-fab-telegram\" viewBox=\"0 0 496 512\" xmlns=\"http:\/\/www.w3.org\/2000\/svg\"><path d=\"M248 8C111 8 0 119 0 256s111 248 248 248 248-111 248-248S385 8 248 8zm121.8 169.9l-40.7 191.8c-3 13.6-11.1 16.9-22.4 10.5l-62-45.7-29.9 28.8c-3.3 3.3-6.1 6.1-12.5 6.1l4.4-63.1 114.9-103.8c5-4.4-1.1-6.9-7.7-2.5l-142 89.4-61.2-19.1c-13.3-4.2-13.6-13.3 2.8-19.7l239.1-92.2c11.1-4 20.8 2.7 17.2 19.5z\"><\/path><\/svg>\t\t\t\t\t<\/a>\n\t\t\t\t<\/span>\n\t\t\t\t\t\t\t<span class=\"elementor-grid-item\" role=\"listitem\">\n\t\t\t\t\t<a class=\"elementor-icon elementor-social-icon elementor-social-icon-steam elementor-repeater-item-e0d9714\" href=\"https:\/\/steamcommunity.com\/profiles\/76561198820927905\/\" target=\"_blank\">\n\t\t\t\t\t\t<span class=\"elementor-screen-only\">Steam<\/span>\n\t\t\t\t\t\t<svg aria-hidden=\"true\" class=\"e-font-icon-svg e-fab-steam\" viewBox=\"0 0 496 512\" xmlns=\"http:\/\/www.w3.org\/2000\/svg\"><path d=\"M496 256c0 137-111.2 248-248.4 248-113.8 0-209.6-76.3-239-180.4l95.2 39.3c6.4 32.1 34.9 56.4 68.9 56.4 39.2 0 71.9-32.4 70.2-73.5l84.5-60.2c52.1 1.3 95.8-40.9 95.8-93.5 0-51.6-42-93.5-93.7-93.5s-93.7 42-93.7 93.5v1.2L176.6 279c-15.5-.9-30.7 3.4-43.5 12.1L0 236.1C10.2 108.4 117.1 8 247.6 8 384.8 8 496 119 496 256zM155.7 384.3l-30.5-12.6a52.79 52.79 0 0 0 27.2 25.8c26.9 11.2 57.8-1.6 69-28.4 5.4-13 5.5-27.3.1-40.3-5.4-13-15.5-23.2-28.5-28.6-12.9-5.4-26.7-5.2-38.9-.6l31.5 13c19.8 8.2 29.2 30.9 20.9 50.7-8.3 19.9-31 29.2-50.8 21zm173.8-129.9c-34.4 0-62.4-28-62.4-62.3s28-62.3 62.4-62.3 62.4 28 62.4 62.3-27.9 62.3-62.4 62.3zm.1-15.6c25.9 0 46.9-21 46.9-46.8 0-25.9-21-46.8-46.9-46.8s-46.9 21-46.9 46.8c.1 25.8 21.1 46.8 46.9 46.8z\"><\/path><\/svg>\t\t\t\t\t<\/a>\n\t\t\t\t<\/span>\n\t\t\t\t\t\t\t<span class=\"elementor-grid-item\" role=\"listitem\">\n\t\t\t\t\t<a class=\"elementor-icon elementor-social-icon elementor-social-icon-envelope elementor-repeater-item-538bb73\" href=\"mailto:queer@queer.bet\" target=\"_blank\">\n\t\t\t\t\t\t<span class=\"elementor-screen-only\">Envelope<\/span>\n\t\t\t\t\t\t<svg aria-hidden=\"true\" class=\"e-font-icon-svg e-fas-envelope\" viewBox=\"0 0 512 512\" xmlns=\"http:\/\/www.w3.org\/2000\/svg\"><path d=\"M502.3 190.8c3.9-3.1 9.7-.2 9.7 4.7V400c0 26.5-21.5 48-48 48H48c-26.5 0-48-21.5-48-48V195.6c0-5 5.7-7.8 9.7-4.7 22.4 17.4 52.1 39.5 154.1 113.6 21.1 15.4 56.7 47.8 92.2 47.6 35.7.3 72-32.8 92.3-47.6 102-74.1 131.6-96.3 154-113.7zM256 320c23.2.4 56.6-29.2 73.4-41.4 132.7-96.3 142.8-104.7 173.4-128.7 5.8-4.5 9.2-11.5 9.2-18.9v-19c0-26.5-21.5-48-48-48H48C21.5 64 0 85.5 0 112v19c0 7.4 3.4 14.3 9.2 18.9 30.6 23.9 40.7 32.4 173.4 128.7 16.8 12.2 50.2 41.8 73.4 41.4z\"><\/path><\/svg>\t\t\t\t\t<\/a>\n\t\t\t\t<\/span>\n\t\t\t\t\t\t\t<span class=\"elementor-grid-item\" role=\"listitem\">\n\t\t\t\t\t<a class=\"elementor-icon elementor-social-icon elementor-social-icon-tiktok elementor-repeater-item-ac71dc7\" href=\"https:\/\/www.tiktok.com\/@queer.bet?lang=de-DE\" target=\"_blank\">\n\t\t\t\t\t\t<span class=\"elementor-screen-only\">Tiktok<\/span>\n\t\t\t\t\t\t<svg aria-hidden=\"true\" class=\"e-font-icon-svg e-fab-tiktok\" viewBox=\"0 0 448 512\" xmlns=\"http:\/\/www.w3.org\/2000\/svg\"><path d=\"M448,209.91a210.06,210.06,0,0,1-122.77-39.25V349.38A162.55,162.55,0,1,1,185,188.31V278.2a74.62,74.62,0,1,0,52.23,71.18V0l88,0a121.18,121.18,0,0,0,1.86,22.17h0A122.18,122.18,0,0,0,381,102.39a121.43,121.43,0,0,0,67,20.14Z\"><\/path><\/svg>\t\t\t\t\t<\/a>\n\t\t\t\t<\/span>\n\t\t\t\t\t<\/div>\n\t\t\t\t\t\t<\/div>\n\t\t\t\t<div class=\"elementor-element elementor-element-76eed6c elementor-widget elementor-widget-text-editor\" data-id=\"76eed6c\" data-element_type=\"widget\" data-e-type=\"widget\" data-widget_type=\"text-editor.default\">\n\t\t\t\t\t\t\t\t\t<p>Dieses Impressum gilt f\u00fcr die Domain <span style=\"color: #3194eb;\">queer.bet<\/span><strong>\u00a0<\/strong> inkl. aller Subdomains (Unterseiten).<\/p><p>Dies ist ein <span style=\"color: #ffffff;\">Privates Projek<\/span>t, wir verfolgen<span style=\"color: #ffffff;\"> keine Kommerziellen Ziele<\/span>.Alle Angebote sind kostenlos und bleiben Kostenlos. Weitere Informationen finden Sie <span style=\"color: #ffffff;\">&lt;hier&gt;<\/span>.<\/p><p><span style=\"color: #ffffff;\">Geben Sie Ihr Geld lieber f\u00fcr Queere Soziale Projekte aus!<\/span> <span style=\"color: #ffffff;\">Danke<\/span><span style=\"color: #ff0000;\">\u2665\u00a0 <\/span><\/p><p><a href=\"https:\/\/queer.bet\/?page_id=2362\"><span style=\"color: #ff0000;\">&lt;Unsere FAV Queere Projekte Liste&gt;<\/span><\/a><\/p><h4><strong>Angaben gem\u00e4\u00df \u00a7 5 DDG<\/strong><\/h4><p><strong>Postanschrift:<\/strong><\/p><p>Philipp G\u00f6rny\u00a0 &#8211;\u00a0<span style=\"letter-spacing: 0.2px;\">Postfach 20 01 34 \u2013 42201 Wuppertal<\/span><\/p><p><strong>E-Mail :<\/strong> admin@queer.bet<\/p><h4><strong>Jugenschutzbeauftragter:<\/strong><\/h4><p>Philipp G\u00f6rny\u00a0 &#8211;\u00a0<span style=\"letter-spacing: 0.2px;\">Postfach 20 01 34 \u2013 42201 Wuppertal<\/span><\/p><p><strong>E-Mail :<\/strong> admin@queer.bet<\/p><h4><strong>Hinweise\u00a0 &amp; Nutzungsbedingungen<\/strong><\/h4><p>Weitere Informationen <a href=\"https:\/\/queer.bet\/?page_id=2354\">&lt;hier&gt;<\/a> .<\/p><p>Datenschutz &amp; Cookies :\u00a0\u00a0<a href=\"https:\/\/queer.bet\/datenschutz\/\">\u00a0Datenschutzbestimmungen<\/a><\/p><p>Haftungsausschluss:\u00a0 s.u.<\/p><div data-id=\"b0d9e89\" data-element_type=\"widget\" data-widget_type=\"text-editor.default\"><div><h3>Haftung f\u00fcr Inhalte<\/h3><\/div><\/div><div data-id=\"51ffcd6\" data-element_type=\"widget\" data-widget_type=\"text-editor.default\"><p>Die Inhalte unserer Seiten wurden mit gr\u00f6\u00dfter Sorgfalt erstellt. F\u00fcr die Richtigkeit, Vollst\u00e4ndigkeit und Aktualit\u00e4t der Inhalte k\u00f6nnen wir jedoch keine Gew\u00e4hr \u00fcbernehmen. Als Diensteanbieter sind wir gem\u00e4\u00df \u00a7 7 Abs.1 DDG f\u00fcr eigene Inhalte auf diesen Seiten nach den allgemeinen Gesetzen verantwortlich. Nach \u00a7\u00a7 8 bis 10 DDG sind wir als Diensteanbieter jedoch nicht verpflichtet, \u00fcbermittelte oder gespeicherte fremde Informationen zu \u00fcberwachen oder nach Umst\u00e4nden zu forschen, die auf eine rechtswidrige T\u00e4tigkeit hinweisen. Verpflichtungen zur Entfernung oder Sperrung der Nutzung von Informationen nach den allgemeinen Gesetzen bleiben hiervon unber\u00fchrt. Eine diesbez\u00fcgliche Haftung ist jedoch erst ab dem Zeitpunkt der Kenntnis einer konkreten Rechtsverletzung m\u00f6glich. Bei Bekanntwerden von entsprechenden Rechtsverletzungen werden wir diese Inhalte umgehend entfernen.<\/p><\/div><div data-id=\"b0d9e89\" data-element_type=\"widget\" data-widget_type=\"text-editor.default\"><div><h3>Urheberrecht<\/h3><\/div><\/div><div data-id=\"51ffcd6\" data-element_type=\"widget\" data-widget_type=\"text-editor.default\"><p>Die durch die Seitenbetreiber erstellten Inhalte und Werke auf diesen Seiten unterliegen dem deutschen Urheberrecht. Die Vervielf\u00e4ltigung, Bearbeitung, Verbreitung und jede Art der Verwertung au\u00dferhalb der Grenzen des Urheberrechtes bed\u00fcrfen der schriftlichen Zustimmung des jeweiligen Autors bzw. Erstellers. Downloads und Kopien dieser Seite sind nur f\u00fcr den privaten, nicht kommerziellen Gebrauch gestattet. Soweit die Inhalte auf dieser Seite nicht vom Betreiber erstellt wurden, werden die Urheberrechte Dritter beachtet. Insbesondere werden Inhalte Dritter als solche gekennzeichnet. Sollten Sie trotzdem auf eine Urheberrechtsverletzung aufmerksam werden, bitten wir um einen entsprechenden Hinweis. Bei Bekanntwerden von Rechtsverletzungen werden wir derartige Inhalte umgehend entfernen.<\/p><div data-id=\"b0d9e89\" data-element_type=\"widget\" data-widget_type=\"text-editor.default\"><div><h3>Haftung f\u00fcr Links<\/h3><\/div><\/div><div data-id=\"51ffcd6\" data-element_type=\"widget\" data-widget_type=\"text-editor.default\"><p>Unser Angebot enth\u00e4lt Links zu externen Webseiten Dritter, auf deren Inhalte wir keinen Einfluss haben. Deshalb k\u00f6nnen wir f\u00fcr diese fremden Inhalte auch keine Gew\u00e4hr \u00fcbernehmen. F\u00fcr die Inhalte der verlinkten Seiten ist stets der jeweilige Anbieter oder Betreiber der Seiten verantwortlich. Die verlinkten Seiten wurden zum Zeitpunkt der Verlinkung auf m\u00f6gliche Rechtsverst\u00f6\u00dfe \u00fcberpr\u00fcft. Rechtswidrige Inhalte waren zum Zeitpunkt der Verlinkung nicht erkennbar. Eine permanente inhaltliche Kontrolle der verlinkten Seiten ist jedoch ohne konkrete Anhaltspunkte einer Rechtsverletzung nicht zumutbar. Bei Bekanntwerden von Rechtsverletzungen werden wir derartige Links umgehend entfernen.<\/p><div data-id=\"b0d9e89\" data-element_type=\"widget\" data-widget_type=\"text-editor.default\"><div><h3>Bildnachweis<\/h3><\/div><\/div><div data-id=\"51ffcd6\" data-element_type=\"widget\" data-widget_type=\"text-editor.default\"><p>Die Bilder, Fotos und Grafiken auf dieser Webseite sind urheberrechtlich gesch\u00fctzt.<\/p><p>Die Bilderrechte liegen, sofern nicht anders angegeben, bei Philipp G\u00f6rny .Fremd Logo&#8217;s von unseren FAV&#8217;s\u00a0 oder Partner(n) unterliegen den Urheberrecht bzw. Copyright des jeweiligen Veranstalters oder Partner.\u00a0<\/p><\/div><h3>Alternative Streitbeilegung gem\u00e4\u00df Art. 14 Abs. 1 ODR-VO und \u00a7 36 VSBG:<\/h3><p>Die Europ\u00e4ische Kommission stellt eine Plattform zur Online-Streitbeilegung (OS) bereit, die du unter\u00a0<a href=\"https:\/\/ec.europa.eu\/consumers\/odr\" target=\"_blank\" rel=\"noopener\">https:\/\/ec.europa.eu\/consumers\/odr<\/a>\u00a0findest. Zur Teilnahme an einem Streitbeilegungsverfahren vor einer Verbraucherschlichtungsstelle sind wir nicht verpflichtet und nicht bereit<\/p><\/div><\/div>\t\t\t\t\t\t\t\t<\/div>\n\t\t\t\t<\/div>\n\t\t\t\t\t<\/div>\n\t\t\t\t<\/div>\n\t\t\t\t<\/div>\n\t\t","protected":false},"excerpt":{"rendered":"<p class=\"tx-excerpt\">Discord Instagram Telegram Steam Envelope Tiktok Dieses Impressum gilt f\u00fcr die Domain queer.bet\u00a0 inkl. aller Subdomains (Unterseiten). Dies ist ein Privates Projekt, wir verfolgen keine Kommerziellen Ziele.Alle Angebote sind kostenlos und bleiben Kostenlos. Weitere Informationen...<\/p>","protected":false},"author":1,"featured_media":0,"parent":0,"menu_order":0,"comment_status":"closed","ping_status":"closed","template":"","meta":{"footnotes":""},"class_list":["post-1563","page","type-page","status-publish","hentry"],"_links":{"self":[{"href":"https:\/\/queer.bet\/index.php?rest_route=\/wp\/v2\/pages\/1563","targetHints":{"allow":["GET"]}}],"collection":[{"href":"https:\/\/queer.bet\/index.php?rest_route=\/wp\/v2\/pages"}],"about":[{"href":"https:\/\/queer.bet\/index.php?rest_route=\/wp\/v2\/types\/page"}],"author":[{"embeddable":true,"href":"https:\/\/queer.bet\/index.php?rest_route=\/wp\/v2\/users\/1"}],"replies":[{"embeddable":true,"href":"https:\/\/queer.bet\/index.php?rest_route=%2Fwp%2Fv2%2Fcomments&post=1563"}],"version-history":[{"count":0,"href":"https:\/\/queer.bet\/index.php?rest_route=\/wp\/v2\/pages\/1563\/revisions"}],"wp:attachment":[{"href":"https:\/\/queer.bet\/index.php?rest_route=%2Fwp%2Fv2%2Fmedia&parent=1563"}],"curies":[{"name":"wp","href":"https:\/\/api.w.org\/{rel}","templated":true}]}}