{"id":2313,"date":"2025-12-26T13:06:39","date_gmt":"2025-12-26T12:06:39","guid":{"rendered":"https:\/\/queer.bet\/?page_id=2313"},"modified":"2025-12-26T14:45:29","modified_gmt":"2025-12-26T13:45:29","slug":"eintrag-hinzufuegen","status":"publish","type":"page","link":"https:\/\/queer.bet\/?page_id=2313","title":{"rendered":"Eintrag hinzuf\u00fcgen"},"content":{"rendered":"\t\t<div data-elementor-type=\"wp-page\" data-elementor-id=\"2313\" class=\"elementor elementor-2313\">\n\t\t\t\t<div class=\"elementor-element elementor-element-4c86561 e-flex e-con-boxed e-con e-parent\" data-id=\"4c86561\" data-element_type=\"container\" data-e-type=\"container\">\n\t\t\t\t\t<div class=\"e-con-inner\">\n\t\t<div class=\"elementor-element elementor-element-a41efeb e-con-full e-flex e-con e-child\" data-id=\"a41efeb\" data-element_type=\"container\" data-e-type=\"container\">\n\t\t\t\t<div class=\"elementor-element elementor-element-25d807d elementor-widget elementor-widget-image\" data-id=\"25d807d\" data-element_type=\"widget\" data-e-type=\"widget\" data-widget_type=\"image.default\">\n\t\t\t\t\t\t\t\t\t\t\t\t\t\t\t<img fetchpriority=\"high\" decoding=\"async\" width=\"800\" height=\"420\" src=\"https:\/\/queer.bet\/wp-content\/uploads\/2025\/12\/WebPage-Template_aidsdir.jpg\" class=\"attachment-large size-large wp-image-2322\" alt=\"\" srcset=\"https:\/\/queer.bet\/wp-content\/uploads\/2025\/12\/WebPage-Template_aidsdir.jpg 800w, https:\/\/queer.bet\/wp-content\/uploads\/2025\/12\/WebPage-Template_aidsdir-300x158.jpg 300w, https:\/\/queer.bet\/wp-content\/uploads\/2025\/12\/WebPage-Template_aidsdir-768x403.jpg 768w, https:\/\/queer.bet\/wp-content\/uploads\/2025\/12\/WebPage-Template_aidsdir-360x189.jpg 360w, https:\/\/queer.bet\/wp-content\/uploads\/2025\/12\/WebPage-Template_aidsdir-373x196.jpg 373w, https:\/\/queer.bet\/wp-content\/uploads\/2025\/12\/WebPage-Template_aidsdir-620x326.jpg 620w, https:\/\/queer.bet\/wp-content\/uploads\/2025\/12\/WebPage-Template_aidsdir-460x241.jpg 460w, https:\/\/queer.bet\/wp-content\/uploads\/2025\/12\/WebPage-Template_aidsdir-365x192.jpg 365w\" sizes=\"(max-width: 800px) 100vw, 800px\" \/>\t\t\t\t\t\t\t\t\t\t\t\t\t\t\t<\/div>\n\t\t\t\t<\/div>\n\t\t<div class=\"elementor-element elementor-element-7fb66b7 e-con-full e-flex e-con e-child\" data-id=\"7fb66b7\" data-element_type=\"container\" data-e-type=\"container\">\n\t\t<div class=\"elementor-element elementor-element-090c894 e-con-full e-flex e-con e-child\" data-id=\"090c894\" data-element_type=\"container\" data-e-type=\"container\">\n\t\t\t\t<div class=\"elementor-element elementor-element-9416300 elementor-widget elementor-widget-heading\" data-id=\"9416300\" data-element_type=\"widget\" data-e-type=\"widget\" data-widget_type=\"heading.default\">\n\t\t\t\t\t<h2 class=\"elementor-heading-title elementor-size-default\">Willkommen &amp; Danke !<\/h2>\t\t\t\t<\/div>\n\t\t\t\t<div class=\"elementor-element elementor-element-4905d88 elementor-widget elementor-widget-text-editor\" data-id=\"4905d88\" data-element_type=\"widget\" data-e-type=\"widget\" data-widget_type=\"text-editor.default\">\n\t\t\t\t\t\t\t\t\t<p style=\"text-align: center;\"><span style=\"color: #ffffff;\">Sie haben sich entschlossen , sich in unser Verzeichniss<\/span><\/p>\n<p style=\"text-align: center;\"><span style=\"color: #ffffff;\"> einzutragen , vielen Dank daf\u00fcr!<\/span><\/p>\t\t\t\t\t\t\t\t<\/div>\n\t\t\t\t<\/div>\n\t\t<div class=\"elementor-element elementor-element-64c829b e-con-full e-flex e-con e-child\" data-id=\"64c829b\" data-element_type=\"container\" data-e-type=\"container\">\n\t\t\t\t<div class=\"elementor-element elementor-element-ffb1670 elementor-widget elementor-widget-text-editor\" data-id=\"ffb1670\" data-element_type=\"widget\" data-e-type=\"widget\" data-widget_type=\"text-editor.default\">\n\t\t\t\t\t\t\t\t\t<p style=\"text-align: center;\"><span style=\"color: #ffffff;\">Der Eintrag ist freiwillig , wir f\u00fcgen nicht automatisch Adressen in unser System ein , sondern warten bis Sie auf uns zukommen.Dadurch m\u00f6chten wir rechtliche und pers\u00f6nliche Unstimmigkeiten vermeiden , falls wir nicht ihren\u00a0 pers\u00f6nlichen Leitbild entsprechen.<\/span><\/p>\n<p style=\"text-align: center;\"><span style=\"color: #ffffff;\">Ziel ist , es unseren Besuchern , schnell und unkompliziert die n\u00e4chste AIDS Hilfe zu finden.Wir machen das kostenlos und unverbindlich.<\/span><\/p>\n<p style=\"text-align: center;\"><span style=\"color: #ffffff;\">M\u00f6chten Sie eingetragen werden , k\u00f6nnen Sie das unkompliziert und einfach tun , indem Sie mir einfach eine E-Mail an : queer@queer.bet schreiben Betreff: AIDSHILFE oder noch einfach per Instagram.Wir nehmen nur von Verifizierten Instagram Accounts , Adressdaten an.Ein Logo ihrer AIDS Hilfe k\u00f6nnen Sie bequem an unsere E-Mail Adresse senden , voraussgesetzt sie gestatten uns die Benutzung , sie schreiben einfach und umkompliziert , das wir das Logo auf unserer Homepage einsetzten d\u00fcrfen , nur innerhalb dieses Verzeichniss,andernfalls zeigen wir nur ein Standard Logo. Ein Widerruf ist jederzeit m\u00f6glich! Vielen Dank &lt;3<\/span><\/p>\t\t\t\t\t\t\t\t<\/div>\n\t\t\t\t<div class=\"elementor-element elementor-element-d7d26a3 elementor-button-info elementor-align-center elementor-widget elementor-widget-button\" data-id=\"d7d26a3\" data-element_type=\"widget\" data-e-type=\"widget\" data-widget_type=\"button.default\">\n\t\t\t\t\t\t\t\t\t\t<a class=\"elementor-button elementor-button-link elementor-size-sm\" href=\"https:\/\/queer.bet\/?page_id=2305\">\n\t\t\t\t\t\t<span class=\"elementor-button-content-wrapper\">\n\t\t\t\t\t\t<span class=\"elementor-button-icon\">\n\t\t\t\t<svg aria-hidden=\"true\" class=\"e-font-icon-svg e-far-address-book\" viewBox=\"0 0 448 512\" xmlns=\"http:\/\/www.w3.org\/2000\/svg\"><path d=\"M436 160c6.6 0 12-5.4 12-12v-40c0-6.6-5.4-12-12-12h-20V48c0-26.5-21.5-48-48-48H48C21.5 0 0 21.5 0 48v416c0 26.5 21.5 48 48 48h320c26.5 0 48-21.5 48-48v-48h20c6.6 0 12-5.4 12-12v-40c0-6.6-5.4-12-12-12h-20v-64h20c6.6 0 12-5.4 12-12v-40c0-6.6-5.4-12-12-12h-20v-64h20zm-68 304H48V48h320v416zM208 256c35.3 0 64-28.7 64-64s-28.7-64-64-64-64 28.7-64 64 28.7 64 64 64zm-89.6 128h179.2c12.4 0 22.4-8.6 22.4-19.2v-19.2c0-31.8-30.1-57.6-67.2-57.6-10.8 0-18.7 8-44.8 8-26.9 0-33.4-8-44.8-8-37.1 0-67.2 25.8-67.2 57.6v19.2c0 10.6 10 19.2 22.4 19.2z\"><\/path><\/svg>\t\t\t<\/span>\n\t\t\t\t\t\t\t\t\t<span class=\"elementor-button-text\">Zum Verzeichniss zur\u00fcck<\/span>\n\t\t\t\t\t<\/span>\n\t\t\t\t\t<\/a>\n\t\t\t\t\t\t\t\t<\/div>\n\t\t\t\t<div class=\"elementor-element elementor-element-d4ada34 elementor-button-info elementor-align-center elementor-widget elementor-widget-button\" data-id=\"d4ada34\" data-element_type=\"widget\" data-e-type=\"widget\" data-widget_type=\"button.default\">\n\t\t\t\t\t\t\t\t\t\t<a class=\"elementor-button elementor-button-link elementor-size-sm\" href=\"https:\/\/queer.bet\">\n\t\t\t\t\t\t<span class=\"elementor-button-content-wrapper\">\n\t\t\t\t\t\t<span class=\"elementor-button-icon\">\n\t\t\t\t<svg aria-hidden=\"true\" class=\"e-font-icon-svg e-fas-home\" viewBox=\"0 0 576 512\" xmlns=\"http:\/\/www.w3.org\/2000\/svg\"><path d=\"M280.37 148.26L96 300.11V464a16 16 0 0 0 16 16l112.06-.29a16 16 0 0 0 15.92-16V368a16 16 0 0 1 16-16h64a16 16 0 0 1 16 16v95.64a16 16 0 0 0 16 16.05L464 480a16 16 0 0 0 16-16V300L295.67 148.26a12.19 12.19 0 0 0-15.3 0zM571.6 251.47L488 182.56V44.05a12 12 0 0 0-12-12h-56a12 12 0 0 0-12 12v72.61L318.47 43a48 48 0 0 0-61 0L4.34 251.47a12 12 0 0 0-1.6 16.9l25.5 31A12 12 0 0 0 45.15 301l235.22-193.74a12.19 12.19 0 0 1 15.3 0L530.9 301a12 12 0 0 0 16.9-1.6l25.5-31a12 12 0 0 0-1.7-16.93z\"><\/path><\/svg>\t\t\t<\/span>\n\t\t\t\t\t\t\t\t\t<span class=\"elementor-button-text\">Startseite<\/span>\n\t\t\t\t\t<\/span>\n\t\t\t\t\t<\/a>\n\t\t\t\t\t\t\t\t<\/div>\n\t\t\t\t<div class=\"elementor-element elementor-element-d8b13d0 elementor-widget elementor-widget-spacer\" data-id=\"d8b13d0\" data-element_type=\"widget\" data-e-type=\"widget\" data-widget_type=\"spacer.default\">\n\t\t\t\t\t\t\t<div class=\"elementor-spacer\">\n\t\t\t<div class=\"elementor-spacer-inner\"><\/div>\n\t\t<\/div>\n\t\t\t\t\t\t<\/div>\n\t\t\t\t<\/div>\n\t\t\t\t<\/div>\n\t\t\t\t\t<\/div>\n\t\t\t\t<\/div>\n\t\t\t\t<\/div>\n\t\t","protected":false},"excerpt":{"rendered":"<p class=\"tx-excerpt\">Willkommen &amp; Danke ! Sie haben sich entschlossen , sich in unser Verzeichniss einzutragen , vielen Dank daf\u00fcr! Der Eintrag ist freiwillig , wir f\u00fcgen nicht automatisch Adressen in unser System ein , sondern warten...<\/p>","protected":false},"author":1,"featured_media":0,"parent":0,"menu_order":0,"comment_status":"closed","ping_status":"closed","template":"","meta":{"footnotes":""},"class_list":["post-2313","page","type-page","status-publish","hentry"],"_links":{"self":[{"href":"https:\/\/queer.bet\/index.php?rest_route=\/wp\/v2\/pages\/2313","targetHints":{"allow":["GET"]}}],"collection":[{"href":"https:\/\/queer.bet\/index.php?rest_route=\/wp\/v2\/pages"}],"about":[{"href":"https:\/\/queer.bet\/index.php?rest_route=\/wp\/v2\/types\/page"}],"author":[{"embeddable":true,"href":"https:\/\/queer.bet\/index.php?rest_route=\/wp\/v2\/users\/1"}],"replies":[{"embeddable":true,"href":"https:\/\/queer.bet\/index.php?rest_route=%2Fwp%2Fv2%2Fcomments&post=2313"}],"version-history":[{"count":0,"href":"https:\/\/queer.bet\/index.php?rest_route=\/wp\/v2\/pages\/2313\/revisions"}],"wp:attachment":[{"href":"https:\/\/queer.bet\/index.php?rest_route=%2Fwp%2Fv2%2Fmedia&parent=2313"}],"curies":[{"name":"wp","href":"https:\/\/api.w.org\/{rel}","templated":true}]}}