{"id":2362,"date":"2025-12-28T17:14:47","date_gmt":"2025-12-28T16:14:47","guid":{"rendered":"https:\/\/queer.bet\/?page_id=2362"},"modified":"2025-12-28T18:38:36","modified_gmt":"2025-12-28T17:38:36","slug":"queere-soziale-projekte","status":"publish","type":"page","link":"https:\/\/queer.bet\/?page_id=2362","title":{"rendered":"Queere Soziale Projekte"},"content":{"rendered":"\t\t<div data-elementor-type=\"wp-page\" data-elementor-id=\"2362\" class=\"elementor elementor-2362\">\n\t\t\t\t<div class=\"elementor-element elementor-element-67bd290 e-flex e-con-boxed e-con e-parent\" data-id=\"67bd290\" data-element_type=\"container\" data-e-type=\"container\">\n\t\t\t\t\t<div class=\"e-con-inner\">\n\t\t\t\t<div class=\"elementor-element elementor-element-7478b89 elementor-widget elementor-widget-image\" data-id=\"7478b89\" data-element_type=\"widget\" data-e-type=\"widget\" data-widget_type=\"image.default\">\n\t\t\t\t\t\t\t\t\t\t\t\t\t\t\t<img fetchpriority=\"high\" decoding=\"async\" width=\"1080\" height=\"400\" src=\"https:\/\/queer.bet\/wp-content\/uploads\/2025\/12\/OPEN-YOU-HEARTH.jpg\" class=\"attachment-1536x1536 size-1536x1536 wp-image-2363\" alt=\"\" srcset=\"https:\/\/queer.bet\/wp-content\/uploads\/2025\/12\/OPEN-YOU-HEARTH.jpg 1080w, https:\/\/queer.bet\/wp-content\/uploads\/2025\/12\/OPEN-YOU-HEARTH-300x111.jpg 300w, https:\/\/queer.bet\/wp-content\/uploads\/2025\/12\/OPEN-YOU-HEARTH-1024x379.jpg 1024w, https:\/\/queer.bet\/wp-content\/uploads\/2025\/12\/OPEN-YOU-HEARTH-768x284.jpg 768w, https:\/\/queer.bet\/wp-content\/uploads\/2025\/12\/OPEN-YOU-HEARTH-360x133.jpg 360w, https:\/\/queer.bet\/wp-content\/uploads\/2025\/12\/OPEN-YOU-HEARTH-373x138.jpg 373w, https:\/\/queer.bet\/wp-content\/uploads\/2025\/12\/OPEN-YOU-HEARTH-620x230.jpg 620w, https:\/\/queer.bet\/wp-content\/uploads\/2025\/12\/OPEN-YOU-HEARTH-460x170.jpg 460w, https:\/\/queer.bet\/wp-content\/uploads\/2025\/12\/OPEN-YOU-HEARTH-365x135.jpg 365w\" sizes=\"(max-width: 1080px) 100vw, 1080px\" \/>\t\t\t\t\t\t\t\t\t\t\t\t\t\t\t<\/div>\n\t\t\t\t<div class=\"elementor-element elementor-element-7ed6e0f elementor-widget elementor-widget-text-editor\" data-id=\"7ed6e0f\" data-element_type=\"widget\" data-e-type=\"widget\" data-widget_type=\"text-editor.default\">\n\t\t\t\t\t\t\t\t\t<p style=\"text-align: center;\">Hier k\u00f6nnen Sie Ihre Organisation bwz. Verein eintragen lassen wenn Sie mit auf die Liste gesetzt werden wollen , damit andere sehen , das Sie ein Queeres Projekt betreiben und auf Spenden angewiesen sind ,damit andere Sie unterst\u00fctzen k\u00f6nnen !<\/p><p style=\"text-align: center;\">Senden Sie uns eine E-Mail an queer@queer.bet um auf die Liste gesetzt zu werden , selbstverst\u00e4ndlich \u00fcberpr\u00fcfen wir Ihre Angaben , geben Sie bitte zwingend die Webadresse der Spenden Seite am , idealerweise w\u00e4re ein einsenden eines Logo&#8217;s gut.Bitte geben Sie in Ihrer E-Mail kurz an , &#8222;Ich stimme des Einsatz unseres Logo&#8217;s zu auf der Hompage : https:\/\/queer.bet\/?page_id=2362 zu.&#8220;\u00a0<\/p><p style=\"text-align: center;\">Vielen Dank!\u00a0<\/p><p style=\"text-align: center;\"><a href=\"https:\/\/queer.bet\/?page_id=2354\">&lt;Wichtige Hinweise&gt;<\/a><\/p>\t\t\t\t\t\t\t\t<\/div>\n\t\t\t\t\t<\/div>\n\t\t\t\t<\/div>\n\t\t<div class=\"elementor-element elementor-element-21d07cb e-flex e-con-boxed e-con e-parent\" data-id=\"21d07cb\" data-element_type=\"container\" data-e-type=\"container\">\n\t\t\t\t\t<div class=\"e-con-inner\">\n\t\t\t\t<div class=\"elementor-element elementor-element-f16ac04 elementor-widget elementor-widget-shortcode\" data-id=\"f16ac04\" data-element_type=\"widget\" data-e-type=\"widget\" data-widget_type=\"shortcode.default\">\n\t\t\t\t\t\t\t<div class=\"elementor-shortcode\">\n<table id=\"tablepress-1\" class=\"tablepress tablepress-id-1\">\n<thead>\n<tr class=\"row-1\">\n\t<th class=\"column-1\">Logo<\/th><th class=\"column-2\">Beschreibung<\/th><th class=\"column-3\">Spenden Homepage<\/th>\n<\/tr>\n<\/thead>\n<tbody class=\"row-striping row-hover\">\n<\/tbody>\n<\/table>\n<!-- #tablepress-1 from cache --><\/div>\n\t\t\t\t\t\t<\/div>\n\t\t\t\t\t<\/div>\n\t\t\t\t<\/div>\n\t\t\t\t<\/div>\n\t\t","protected":false},"excerpt":{"rendered":"<p class=\"tx-excerpt\">Hier k\u00f6nnen Sie Ihre Organisation bwz. Verein eintragen lassen wenn Sie mit auf die Liste gesetzt werden wollen , damit andere sehen , das Sie ein Queeres Projekt betreiben und auf Spenden angewiesen sind ,damit...<\/p>","protected":false},"author":1,"featured_media":0,"parent":0,"menu_order":0,"comment_status":"closed","ping_status":"closed","template":"","meta":{"footnotes":""},"class_list":["post-2362","page","type-page","status-publish","hentry"],"_links":{"self":[{"href":"https:\/\/queer.bet\/index.php?rest_route=\/wp\/v2\/pages\/2362","targetHints":{"allow":["GET"]}}],"collection":[{"href":"https:\/\/queer.bet\/index.php?rest_route=\/wp\/v2\/pages"}],"about":[{"href":"https:\/\/queer.bet\/index.php?rest_route=\/wp\/v2\/types\/page"}],"author":[{"embeddable":true,"href":"https:\/\/queer.bet\/index.php?rest_route=\/wp\/v2\/users\/1"}],"replies":[{"embeddable":true,"href":"https:\/\/queer.bet\/index.php?rest_route=%2Fwp%2Fv2%2Fcomments&post=2362"}],"version-history":[{"count":0,"href":"https:\/\/queer.bet\/index.php?rest_route=\/wp\/v2\/pages\/2362\/revisions"}],"wp:attachment":[{"href":"https:\/\/queer.bet\/index.php?rest_route=%2Fwp%2Fv2%2Fmedia&parent=2362"}],"curies":[{"name":"wp","href":"https:\/\/api.w.org\/{rel}","templated":true}]}}